{"id":426,"date":"2023-10-19T18:20:56","date_gmt":"2023-10-19T16:20:56","guid":{"rendered":"https:\/\/www.pedroarnay.com\/?page_id=426"},"modified":"2024-03-11T18:53:11","modified_gmt":"2024-03-11T17:53:11","slug":"contact","status":"publish","type":"page","link":"https:\/\/www.pedroarnay.com\/en\/contacto\/","title":{"rendered":"Contact"},"content":{"rendered":"<div data-elementor-type=\"wp-page\" data-elementor-id=\"426\" class=\"elementor elementor-426\" data-elementor-post-type=\"page\">\n\t\t\t\t\t\t<section class=\"elementor-section elementor-top-section elementor-element elementor-element-6cea317 elementor-section-boxed elementor-section-height-default elementor-section-height-default\" data-id=\"6cea317\" data-element_type=\"section\" data-e-type=\"section\">\n\t\t\t\t\t\t<div class=\"elementor-container elementor-column-gap-default\">\n\t\t\t\t\t<div class=\"elementor-column elementor-col-50 elementor-top-column elementor-element elementor-element-1f1a427c\" data-id=\"1f1a427c\" data-element_type=\"column\" data-e-type=\"column\">\n\t\t\t<div class=\"elementor-widget-wrap elementor-element-populated\">\n\t\t\t\t\t\t<div class=\"elementor-element elementor-element-68ec6c35 animated-fast elementor-invisible elementor-widget elementor-widget-heading\" data-id=\"68ec6c35\" data-element_type=\"widget\" data-e-type=\"widget\" data-settings=\"{&quot;_animation&quot;:&quot;fadeInLeft&quot;,&quot;_animation_delay&quot;:100,&quot;_animation_tablet&quot;:&quot;fadeInUp&quot;}\" data-widget_type=\"heading.default\">\n\t\t\t\t<div class=\"elementor-widget-container\">\n\t\t\t\t\t<h2 class=\"elementor-heading-title elementor-size-large\">contact me<\/h2>\t\t\t\t<\/div>\n\t\t\t\t<\/div>\n\t\t\t\t<div class=\"elementor-element elementor-element-5ded8b49 uael-cf7-btn-size-md animated-fast uael-cf7-style-box uael-cf7-input-size-sm uael-cf7-button-left uael-cf7-highlight-style-default elementor-invisible elementor-widget elementor-widget-uael-cf7-styler\" data-id=\"5ded8b49\" data-element_type=\"widget\" data-e-type=\"widget\" data-settings=\"{&quot;_animation&quot;:&quot;fadeInLeft&quot;}\" data-widget_type=\"uael-cf7-styler.default\">\n\t\t\t\t<div class=\"elementor-widget-container\">\n\t\t\t\t\t\t\t\t\t<div class = \"uael-cf7-container\">\n\t\t\t\t\t\t<div class = \"uael-cf7 uael-cf7-style elementor-clickable\">\n\t\t\t\t\t\t\n<div class=\"wpcf7 no-js\" id=\"wpcf7-f5-o1\" lang=\"es-ES\" dir=\"ltr\" data-wpcf7-id=\"5\">\n<div class=\"screen-reader-response\"><p role=\"status\" aria-live=\"polite\" aria-atomic=\"true\"><\/p> <ul><\/ul><\/div>\n<form action=\"\/en\/wp-json\/wp\/v2\/pages\/426#wpcf7-f5-o1\" method=\"post\" class=\"wpcf7-form init\" aria-label=\"Contact Form\" novalidate=\"novalidate\" data-status=\"init\" data-trp-original-action=\"\/en\/wp-json\/wp\/v2\/pages\/426#wpcf7-f5-o1\">\n<fieldset class=\"hidden-fields-container\"><input type=\"hidden\" name=\"_wpcf7\" value=\"5\" \/><input type=\"hidden\" name=\"_wpcf7_version\" value=\"6.1.5\" \/><input type=\"hidden\" name=\"_wpcf7_locale\" value=\"es_ES\" \/><input type=\"hidden\" name=\"_wpcf7_unit_tag\" value=\"wpcf7-f5-o1\" \/><input type=\"hidden\" name=\"_wpcf7_container_post\" value=\"0\" \/><input type=\"hidden\" name=\"_wpcf7_posted_data_hash\" value=\"\" \/>\n<\/fieldset>\n<div class=\"wpcf7-response-output\" aria-hidden=\"true\"><\/div>\n<p><label for=\"your-name\">Your name<\/label>\n<\/p>\n<p><span class=\"wpcf7-form-control-wrap\" data-name=\"your-name\"><input size=\"40\" maxlength=\"400\" class=\"wpcf7-form-control wpcf7-text wpcf7-validates-as-required\" id=\"your-name\" aria-required=\"true\" aria-invalid=\"false\" value=\"\" type=\"text\" name=\"your-name\" \/><\/span>\n<\/p>\n<p><label for=\"your-email\">your e-mail<\/label>\n<\/p>\n<p><span class=\"wpcf7-form-control-wrap\" data-name=\"your-email\"><input size=\"40\" maxlength=\"400\" class=\"wpcf7-form-control wpcf7-email wpcf7-validates-as-required wpcf7-text wpcf7-validates-as-email\" id=\"your-email\" aria-required=\"true\" aria-invalid=\"false\" value=\"\" type=\"email\" name=\"your-email\" \/><\/span>\n<\/p>\n<p><label for=\"your-subject\">Affair<\/label>\n<\/p>\n<p><span class=\"wpcf7-form-control-wrap\" data-name=\"your-subject\"><input size=\"40\" maxlength=\"400\" class=\"wpcf7-form-control wpcf7-text wpcf7-validates-as-required\" id=\"your-subject\" aria-required=\"true\" aria-invalid=\"false\" value=\"\" type=\"text\" name=\"your-subject\" \/><\/span>\n<\/p>\n<p><span id=\"email-campo-w\" class=\"wpcf7-form-control-wrap email-campo-wrap\" style=\"display:none !important; visibility:hidden !important;\"><label for=\"email-campo\" class=\"hp-message\">Please leave this field empty.<\/label><input id=\"email-campo\"  class=\"wpcf7-form-control wpcf7-text email-campo\" type=\"text\" name=\"email-campo\" value=\"\" size=\"40\" tabindex=\"-1\" autocomplete=\"new-password\" \/><\/span><span id=\"website-campo-w\" class=\"wpcf7-form-control-wrap website-campo-wrap\" style=\"display:none !important; visibility:hidden !important;\"><label for=\"website-campo\" class=\"hp-message\">Please leave this field empty.<\/label><input id=\"website-campo\"  class=\"wpcf7-form-control wpcf7-text website-campo\" type=\"text\" name=\"website-campo\" value=\"\" size=\"40\" tabindex=\"-1\" autocomplete=\"new-password\" \/><\/span>\n<\/p>\n<p><label for=\"your-message\">Your message<\/label>\n<\/p>\n<p><span class=\"wpcf7-form-control-wrap\" data-name=\"your-message\"><textarea cols=\"40\" rows=\"10\" maxlength=\"2000\" class=\"wpcf7-form-control wpcf7-textarea wpcf7-validates-as-required\" id=\"your-message\" aria-required=\"true\" aria-invalid=\"false\" name=\"your-message\"><\/textarea><\/span>\n<\/p>\n<p><span class=\"wpcf7-form-control-wrap\" data-name=\"acceptance-RGPD\"><span class=\"wpcf7-form-control wpcf7-acceptance\"><span class=\"wpcf7-list-item\"><label><input type=\"checkbox\" name=\"acceptance-RGPD\" value=\"1\" aria-invalid=\"false\" \/><span class=\"wpcf7-list-item-label\">I have read and accept the <a href=\"..\/politica-de-privacidad\/\">Privacy Policy<\/a><\/span><\/label><\/span><\/span><\/span>\n<\/p>\n<p><input class=\"wpcf7-form-control wpcf7-submit has-spinner\" type=\"submit\" value=\"Send\" \/>\n<\/p>\n<input type=\"hidden\" name=\"trp-form-language\" value=\"en\"\/><\/form>\n<\/div>\n\t\t\t\t\t<\/div>\n\t\t\t\t<\/div>\n\t\t\t\t\t\t\t\t<\/div>\n\t\t\t\t<\/div>\n\t\t\t\t\t<\/div>\n\t\t<\/div>\n\t\t\t\t<div class=\"elementor-column elementor-col-50 elementor-top-column elementor-element elementor-element-43ca266b\" data-id=\"43ca266b\" data-element_type=\"column\" data-e-type=\"column\">\n\t\t\t<div class=\"elementor-widget-wrap elementor-element-populated\">\n\t\t\t\t\t\t<div class=\"elementor-element elementor-element-f54eea2 elementor-widget elementor-widget-image\" data-id=\"f54eea2\" data-element_type=\"widget\" data-e-type=\"widget\" data-widget_type=\"image.default\">\n\t\t\t\t<div class=\"elementor-widget-container\">\n\t\t\t\t\t\t\t\t\t\t\t\t\t\t\t<img fetchpriority=\"high\" decoding=\"async\" width=\"665\" height=\"1024\" src=\"https:\/\/www.pedroarnay.com\/wp-content\/uploads\/2023\/11\/36.-TRASDANZA-OCT-06-294-665x1024.jpg\" class=\"attachment-large size-large wp-image-753\" alt=\"36. TRASDANCE OCT 06 294\" srcset=\"https:\/\/www.pedroarnay.com\/wp-content\/uploads\/2023\/11\/36.-TRASDANZA-OCT-06-294-665x1024.jpg 665w, https:\/\/www.pedroarnay.com\/wp-content\/uploads\/2023\/11\/36.-TRASDANZA-OCT-06-294-195x300.jpg 195w, https:\/\/www.pedroarnay.com\/wp-content\/uploads\/2023\/11\/36.-TRASDANZA-OCT-06-294-768x1182.jpg 768w, https:\/\/www.pedroarnay.com\/wp-content\/uploads\/2023\/11\/36.-TRASDANZA-OCT-06-294-998x1536.jpg 998w, https:\/\/www.pedroarnay.com\/wp-content\/uploads\/2023\/11\/36.-TRASDANZA-OCT-06-294-8x12.jpg 8w, https:\/\/www.pedroarnay.com\/wp-content\/uploads\/2023\/11\/36.-TRASDANZA-OCT-06-294.jpg 1299w\" sizes=\"(max-width: 665px) 100vw, 665px\" \/>\t\t\t\t\t\t\t\t\t\t\t\t\t\t\t<\/div>\n\t\t\t\t<\/div>\n\t\t\t\t<div class=\"elementor-element elementor-element-75183363 animated-fast elementor-invisible elementor-widget elementor-widget-heading\" data-id=\"75183363\" data-element_type=\"widget\" data-e-type=\"widget\" data-settings=\"{&quot;_animation&quot;:&quot;fadeInLeft&quot;,&quot;_animation_tablet&quot;:&quot;fadeInUp&quot;,&quot;_animation_delay&quot;:300}\" data-widget_type=\"heading.default\">\n\t\t\t\t<div class=\"elementor-widget-container\">\n\t\t\t\t\t<div class=\"elementor-heading-title elementor-size-default\"><a href=\"mailto:pedro@pedroarnay.com\">pedro@pedroarnay.com<\/a><\/div>\t\t\t\t<\/div>\n\t\t\t\t<\/div>\n\t\t\t\t<div class=\"elementor-element elementor-element-7918d818 animated-fast elementor-invisible elementor-widget elementor-widget-heading\" data-id=\"7918d818\" data-element_type=\"widget\" data-e-type=\"widget\" data-settings=\"{&quot;_animation&quot;:&quot;fadeInLeft&quot;,&quot;_animation_tablet&quot;:&quot;fadeInUp&quot;,&quot;_animation_delay&quot;:600}\" data-widget_type=\"heading.default\">\n\t\t\t\t<div class=\"elementor-widget-container\">\n\t\t\t\t\t<h2 class=\"elementor-heading-title elementor-size-default\">Social networks:<\/h2>\t\t\t\t<\/div>\n\t\t\t\t<\/div>\n\t\t\t\t<div class=\"elementor-element elementor-element-2db5a7bf elementor-shape-square elementor-grid-4 e-grid-align-right animated-fast elementor-invisible elementor-widget elementor-widget-social-icons\" data-id=\"2db5a7bf\" data-element_type=\"widget\" data-e-type=\"widget\" data-settings=\"{&quot;_animation&quot;:&quot;fadeInLeft&quot;,&quot;_animation_tablet&quot;:&quot;fadeInUp&quot;,&quot;_animation_delay&quot;:700}\" data-widget_type=\"social-icons.default\">\n\t\t\t\t<div class=\"elementor-widget-container\">\n\t\t\t\t\t\t\t<div class=\"elementor-social-icons-wrapper elementor-grid\" role=\"list\">\n\t\t\t\t\t\t\t<span class=\"elementor-grid-item\" role=\"listitem\">\n\t\t\t\t\t<a class=\"elementor-icon elementor-social-icon elementor-social-icon-facebook-f elementor-animation-push elementor-repeater-item-59571a0\" href=\"https:\/\/www.facebook.com\/pedro.arnay\" target=\"_blank\">\n\t\t\t\t\t\t<span class=\"elementor-screen-only\">Facebook-f<\/span>\n\t\t\t\t\t\t<i aria-hidden=\"true\" class=\"fab fa-facebook-f\"><\/i>\t\t\t\t\t<\/a>\n\t\t\t\t<\/span>\n\t\t\t\t\t\t\t<span class=\"elementor-grid-item\" role=\"listitem\">\n\t\t\t\t\t<a class=\"elementor-icon elementor-social-icon elementor-social-icon-instagram elementor-animation-push elementor-repeater-item-537246e\" href=\"https:\/\/www.instagram.com\/madebypedroarnay\/\" target=\"_blank\">\n\t\t\t\t\t\t<span class=\"elementor-screen-only\">instagram<\/span>\n\t\t\t\t\t\t<i aria-hidden=\"true\" class=\"fab fa-instagram\"><\/i>\t\t\t\t\t<\/a>\n\t\t\t\t<\/span>\n\t\t\t\t\t<\/div>\n\t\t\t\t\t\t<\/div>\n\t\t\t\t<\/div>\n\t\t\t\t\t<\/div>\n\t\t<\/div>\n\t\t\t\t\t<\/div>\n\t\t<\/section>\n\t\t\t\t<\/div>","protected":false},"excerpt":{"rendered":"<p>Contact me Your name Your email Subject Please leave this field empty.Please leave this field empty. Your message I have read and accept the privacy policy pedro@pedroarnay.com Social networks: Facebook-f Instagram<\/p>","protected":false},"author":1,"featured_media":0,"parent":0,"menu_order":3,"comment_status":"closed","ping_status":"closed","template":"","meta":{"_acf_changed":false,"site-sidebar-layout":"default","site-content-layout":"page-builder","ast-site-content-layout":"default","site-content-style":"default","site-sidebar-style":"default","ast-global-header-display":"","ast-banner-title-visibility":"","ast-main-header-display":"","ast-hfb-above-header-display":"","ast-hfb-below-header-display":"","ast-hfb-mobile-header-display":"","site-post-title":"disabled","ast-breadcrumbs-content":"","ast-featured-img":"disabled","footer-sml-layout":"","ast-disable-related-posts":"","theme-transparent-header-meta":"default","adv-header-id-meta":"","stick-header-meta":"default","header-above-stick-meta":"","header-main-stick-meta":"","header-below-stick-meta":"","astra-migrate-meta-layouts":"set","ast-page-background-enabled":"default","ast-page-background-meta":{"desktop":{"background-color":"var(--ast-global-color-4)","background-image":"","background-repeat":"repeat","background-position":"center center","background-size":"auto","background-attachment":"scroll","background-type":"","background-media":"","overlay-type":"","overlay-color":"","overlay-opacity":"","overlay-gradient":""},"tablet":{"background-color":"","background-image":"","background-repeat":"repeat","background-position":"center center","background-size":"auto","background-attachment":"scroll","background-type":"","background-media":"","overlay-type":"","overlay-color":"","overlay-opacity":"","overlay-gradient":""},"mobile":{"background-color":"","background-image":"","background-repeat":"repeat","background-position":"center center","background-size":"auto","background-attachment":"scroll","background-type":"","background-media":"","overlay-type":"","overlay-color":"","overlay-opacity":"","overlay-gradient":""}},"ast-content-background-meta":{"desktop":{"background-color":"var(--ast-global-color-5)","background-image":"","background-repeat":"repeat","background-position":"center center","background-size":"auto","background-attachment":"scroll","background-type":"","background-media":"","overlay-type":"","overlay-color":"","overlay-opacity":"","overlay-gradient":""},"tablet":{"background-color":"var(--ast-global-color-5)","background-image":"","background-repeat":"repeat","background-position":"center center","background-size":"auto","background-attachment":"scroll","background-type":"","background-media":"","overlay-type":"","overlay-color":"","overlay-opacity":"","overlay-gradient":""},"mobile":{"background-color":"var(--ast-global-color-5)","background-image":"","background-repeat":"repeat","background-position":"center center","background-size":"auto","background-attachment":"scroll","background-type":"","background-media":"","overlay-type":"","overlay-color":"","overlay-opacity":"","overlay-gradient":""}},"footnotes":""},"class_list":["post-426","page","type-page","status-publish","hentry"],"acf":[],"yoast_head":"<!-- This site is optimized with the Yoast SEO plugin v27.4 - https:\/\/yoast.com\/product\/yoast-seo-wordpress\/ -->\n<title>Contacto - Pedro Arnay<\/title>\n<meta name=\"description\" content=\"Con\u00e9ctate con Pedro Arnay. \u00bfTienes preguntas, ideas o proyectos en mente? \u00a1Estamos aqu\u00ed para escucharte!\" \/>\n<meta name=\"robots\" content=\"index, follow, max-snippet:-1, max-image-preview:large, max-video-preview:-1\" \/>\n<link rel=\"canonical\" href=\"https:\/\/www.pedroarnay.com\/en\/contact\/\" \/>\n<meta property=\"og:locale\" content=\"en_US\" \/>\n<meta property=\"og:type\" content=\"article\" \/>\n<meta property=\"og:title\" content=\"Contacto - Pedro Arnay\" \/>\n<meta property=\"og:description\" content=\"Con\u00e9ctate con Pedro Arnay. \u00bfTienes preguntas, ideas o proyectos en mente? \u00a1Estamos aqu\u00ed para escucharte!\" \/>\n<meta property=\"og:url\" content=\"https:\/\/www.pedroarnay.com\/en\/contact\/\" \/>\n<meta property=\"og:site_name\" content=\"Pedro Arnay\" \/>\n<meta property=\"article:modified_time\" content=\"2024-03-11T17:53:11+00:00\" \/>\n<meta property=\"og:image\" content=\"https:\/\/www.pedroarnay.com\/wp-content\/uploads\/2023\/11\/36.-TRASDANZA-OCT-06-294-665x1024.jpg\" \/>\n<meta name=\"twitter:card\" content=\"summary_large_image\" \/>\n<script type=\"application\/ld+json\" class=\"yoast-schema-graph\">{\"@context\":\"https:\\\/\\\/schema.org\",\"@graph\":[{\"@type\":\"WebPage\",\"@id\":\"https:\\\/\\\/www.pedroarnay.com\\\/contacto\\\/\",\"url\":\"https:\\\/\\\/www.pedroarnay.com\\\/contacto\\\/\",\"name\":\"Contacto - Pedro Arnay\",\"isPartOf\":{\"@id\":\"https:\\\/\\\/www.pedroarnay.com\\\/#website\"},\"primaryImageOfPage\":{\"@id\":\"https:\\\/\\\/www.pedroarnay.com\\\/contacto\\\/#primaryimage\"},\"image\":{\"@id\":\"https:\\\/\\\/www.pedroarnay.com\\\/contacto\\\/#primaryimage\"},\"thumbnailUrl\":\"https:\\\/\\\/www.pedroarnay.com\\\/wp-content\\\/uploads\\\/2023\\\/11\\\/36.-TRASDANZA-OCT-06-294-665x1024.jpg\",\"datePublished\":\"2023-10-19T16:20:56+00:00\",\"dateModified\":\"2024-03-11T17:53:11+00:00\",\"description\":\"Con\u00e9ctate con Pedro Arnay. \u00bfTienes preguntas, ideas o proyectos en mente? \u00a1Estamos aqu\u00ed para escucharte!\",\"breadcrumb\":{\"@id\":\"https:\\\/\\\/www.pedroarnay.com\\\/contacto\\\/#breadcrumb\"},\"inLanguage\":\"en-US\",\"potentialAction\":[{\"@type\":\"ReadAction\",\"target\":[\"https:\\\/\\\/www.pedroarnay.com\\\/contacto\\\/\"]}]},{\"@type\":\"ImageObject\",\"inLanguage\":\"en-US\",\"@id\":\"https:\\\/\\\/www.pedroarnay.com\\\/contacto\\\/#primaryimage\",\"url\":\"https:\\\/\\\/www.pedroarnay.com\\\/wp-content\\\/uploads\\\/2023\\\/11\\\/36.-TRASDANZA-OCT-06-294-665x1024.jpg\",\"contentUrl\":\"https:\\\/\\\/www.pedroarnay.com\\\/wp-content\\\/uploads\\\/2023\\\/11\\\/36.-TRASDANZA-OCT-06-294-665x1024.jpg\"},{\"@type\":\"BreadcrumbList\",\"@id\":\"https:\\\/\\\/www.pedroarnay.com\\\/contacto\\\/#breadcrumb\",\"itemListElement\":[{\"@type\":\"ListItem\",\"position\":1,\"name\":\"Inicio\",\"item\":\"https:\\\/\\\/www.pedroarnay.com\\\/\"},{\"@type\":\"ListItem\",\"position\":2,\"name\":\"Contacto\"}]},{\"@type\":\"WebSite\",\"@id\":\"https:\\\/\\\/www.pedroarnay.com\\\/#website\",\"url\":\"https:\\\/\\\/www.pedroarnay.com\\\/\",\"name\":\"Pedro Arnay\",\"description\":\"Fot\u00f3grafo freelance especializado en artes esc\u00e9nicas, retrato, fotograf\u00eda editorial y corporativa.\",\"publisher\":{\"@id\":\"https:\\\/\\\/www.pedroarnay.com\\\/#organization\"},\"potentialAction\":[{\"@type\":\"SearchAction\",\"target\":{\"@type\":\"EntryPoint\",\"urlTemplate\":\"https:\\\/\\\/www.pedroarnay.com\\\/?s={search_term_string}\"},\"query-input\":{\"@type\":\"PropertyValueSpecification\",\"valueRequired\":true,\"valueName\":\"search_term_string\"}}],\"inLanguage\":\"en-US\"},{\"@type\":\"Organization\",\"@id\":\"https:\\\/\\\/www.pedroarnay.com\\\/#organization\",\"name\":\"Pedro Arnay\",\"url\":\"https:\\\/\\\/www.pedroarnay.com\\\/\",\"logo\":{\"@type\":\"ImageObject\",\"inLanguage\":\"en-US\",\"@id\":\"https:\\\/\\\/www.pedroarnay.com\\\/#\\\/schema\\\/logo\\\/image\\\/\",\"url\":\"https:\\\/\\\/www.pedroarnay.com\\\/wp-content\\\/uploads\\\/2023\\\/12\\\/Pedro-Arnay-logo.png\",\"contentUrl\":\"https:\\\/\\\/www.pedroarnay.com\\\/wp-content\\\/uploads\\\/2023\\\/12\\\/Pedro-Arnay-logo.png\",\"width\":600,\"height\":600,\"caption\":\"Pedro Arnay\"},\"image\":{\"@id\":\"https:\\\/\\\/www.pedroarnay.com\\\/#\\\/schema\\\/logo\\\/image\\\/\"}}]}<\/script>\n<!-- \/ Yoast SEO plugin. -->","yoast_head_json":{"title":"Contact - Pedro Arnay","description":"Connect with Pedro Arnay. Do you have questions, ideas or projects in mind? We are here to listen to you!","robots":{"index":"index","follow":"follow","max-snippet":"max-snippet:-1","max-image-preview":"max-image-preview:large","max-video-preview":"max-video-preview:-1"},"canonical":"https:\/\/www.pedroarnay.com\/en\/contact\/","og_locale":"en_US","og_type":"article","og_title":"Contacto - Pedro Arnay","og_description":"Con\u00e9ctate con Pedro Arnay. \u00bfTienes preguntas, ideas o proyectos en mente? \u00a1Estamos aqu\u00ed para escucharte!","og_url":"https:\/\/www.pedroarnay.com\/en\/contact\/","og_site_name":"Pedro Arnay","article_modified_time":"2024-03-11T17:53:11+00:00","og_image":[{"url":"https:\/\/www.pedroarnay.com\/wp-content\/uploads\/2023\/11\/36.-TRASDANZA-OCT-06-294-665x1024.jpg","type":"","width":"","height":""}],"twitter_card":"summary_large_image","schema":{"@context":"https:\/\/schema.org","@graph":[{"@type":"WebPage","@id":"https:\/\/www.pedroarnay.com\/contacto\/","url":"https:\/\/www.pedroarnay.com\/contacto\/","name":"Contact - Pedro Arnay","isPartOf":{"@id":"https:\/\/www.pedroarnay.com\/#website"},"primaryImageOfPage":{"@id":"https:\/\/www.pedroarnay.com\/contacto\/#primaryimage"},"image":{"@id":"https:\/\/www.pedroarnay.com\/contacto\/#primaryimage"},"thumbnailUrl":"https:\/\/www.pedroarnay.com\/wp-content\/uploads\/2023\/11\/36.-TRASDANZA-OCT-06-294-665x1024.jpg","datePublished":"2023-10-19T16:20:56+00:00","dateModified":"2024-03-11T17:53:11+00:00","description":"Connect with Pedro Arnay. Do you have questions, ideas or projects in mind? We are here to listen to you!","breadcrumb":{"@id":"https:\/\/www.pedroarnay.com\/contacto\/#breadcrumb"},"inLanguage":"en-US","potentialAction":[{"@type":"ReadAction","target":["https:\/\/www.pedroarnay.com\/contacto\/"]}]},{"@type":"ImageObject","inLanguage":"en-US","@id":"https:\/\/www.pedroarnay.com\/contacto\/#primaryimage","url":"https:\/\/www.pedroarnay.com\/wp-content\/uploads\/2023\/11\/36.-TRASDANZA-OCT-06-294-665x1024.jpg","contentUrl":"https:\/\/www.pedroarnay.com\/wp-content\/uploads\/2023\/11\/36.-TRASDANZA-OCT-06-294-665x1024.jpg"},{"@type":"BreadcrumbList","@id":"https:\/\/www.pedroarnay.com\/contacto\/#breadcrumb","itemListElement":[{"@type":"ListItem","position":1,"name":"Inicio","item":"https:\/\/www.pedroarnay.com\/"},{"@type":"ListItem","position":2,"name":"Contacto"}]},{"@type":"WebSite","@id":"https:\/\/www.pedroarnay.com\/#website","url":"https:\/\/www.pedroarnay.com\/","name":"Pedro Arnay","description":"Freelance photographer specialized in performing arts, portraiture, editorial and corporate photography.","publisher":{"@id":"https:\/\/www.pedroarnay.com\/#organization"},"potentialAction":[{"@type":"SearchAction","target":{"@type":"EntryPoint","urlTemplate":"https:\/\/www.pedroarnay.com\/?s={search_term_string}"},"query-input":{"@type":"PropertyValueSpecification","valueRequired":true,"valueName":"search_term_string"}}],"inLanguage":"en-US"},{"@type":"Organization","@id":"https:\/\/www.pedroarnay.com\/#organization","name":"Pedro Arnay","url":"https:\/\/www.pedroarnay.com\/","logo":{"@type":"ImageObject","inLanguage":"en-US","@id":"https:\/\/www.pedroarnay.com\/#\/schema\/logo\/image\/","url":"https:\/\/www.pedroarnay.com\/wp-content\/uploads\/2023\/12\/Pedro-Arnay-logo.png","contentUrl":"https:\/\/www.pedroarnay.com\/wp-content\/uploads\/2023\/12\/Pedro-Arnay-logo.png","width":600,"height":600,"caption":"Pedro Arnay"},"image":{"@id":"https:\/\/www.pedroarnay.com\/#\/schema\/logo\/image\/"}}]}},"_links":{"self":[{"href":"https:\/\/www.pedroarnay.com\/en\/wp-json\/wp\/v2\/pages\/426","targetHints":{"allow":["GET"]}}],"collection":[{"href":"https:\/\/www.pedroarnay.com\/en\/wp-json\/wp\/v2\/pages"}],"about":[{"href":"https:\/\/www.pedroarnay.com\/en\/wp-json\/wp\/v2\/types\/page"}],"author":[{"embeddable":true,"href":"https:\/\/www.pedroarnay.com\/en\/wp-json\/wp\/v2\/users\/1"}],"replies":[{"embeddable":true,"href":"https:\/\/www.pedroarnay.com\/en\/wp-json\/wp\/v2\/comments?post=426"}],"version-history":[{"count":60,"href":"https:\/\/www.pedroarnay.com\/en\/wp-json\/wp\/v2\/pages\/426\/revisions"}],"predecessor-version":[{"id":2002,"href":"https:\/\/www.pedroarnay.com\/en\/wp-json\/wp\/v2\/pages\/426\/revisions\/2002"}],"wp:attachment":[{"href":"https:\/\/www.pedroarnay.com\/en\/wp-json\/wp\/v2\/media?parent=426"}],"curies":[{"name":"wp","href":"https:\/\/api.w.org\/{rel}","templated":true}]}}