{"id":438,"date":"2023-10-19T18:22:31","date_gmt":"2023-10-19T16:22:31","guid":{"rendered":"https:\/\/www.pedroarnay.com\/?page_id=438"},"modified":"2024-03-10T11:43:21","modified_gmt":"2024-03-10T10:43:21","slug":"start","status":"publish","type":"page","link":"https:\/\/www.pedroarnay.com\/en\/","title":{"rendered":"Inicio"},"content":{"rendered":"<div data-elementor-type=\"wp-page\" data-elementor-id=\"438\" class=\"elementor elementor-438\" data-elementor-post-type=\"page\">\n\t\t\t\t\t\t<section class=\"elementor-section elementor-top-section elementor-element elementor-element-3dab099a elementor-section-full_width elementor-section-height-default elementor-section-height-default\" data-id=\"3dab099a\" data-element_type=\"section\" data-e-type=\"section\">\n\t\t\t\t\t\t<div class=\"elementor-container elementor-column-gap-default\">\n\t\t\t\t\t<div class=\"elementor-column elementor-col-100 elementor-top-column elementor-element elementor-element-2f8af11b\" data-id=\"2f8af11b\" data-element_type=\"column\" data-e-type=\"column\">\n\t\t\t<div class=\"elementor-widget-wrap elementor-element-populated\">\n\t\t\t\t\t\t<div class=\"elementor-element elementor-element-bb744fc elementor-arrows-position-inside elementor-widget elementor-widget-image-carousel\" data-id=\"bb744fc\" data-element_type=\"widget\" data-e-type=\"widget\" data-settings=\"{&quot;slides_to_show&quot;:&quot;1&quot;,&quot;navigation&quot;:&quot;arrows&quot;,&quot;autoplay&quot;:&quot;yes&quot;,&quot;pause_on_hover&quot;:&quot;yes&quot;,&quot;pause_on_interaction&quot;:&quot;yes&quot;,&quot;autoplay_speed&quot;:5000,&quot;infinite&quot;:&quot;yes&quot;,&quot;effect&quot;:&quot;slide&quot;,&quot;speed&quot;:500}\" data-widget_type=\"image-carousel.default\">\n\t\t\t\t<div class=\"elementor-widget-container\">\n\t\t\t\t\t\t\t<div class=\"elementor-image-carousel-wrapper swiper\" role=\"region\" aria-roledescription=\"carousel\" aria-label=\"Image carousel\" dir=\"ltr\">\n\t\t\t<div class=\"elementor-image-carousel swiper-wrapper\" aria-live=\"off\">\n\t\t\t\t\t\t\t\t<div class=\"swiper-slide\" role=\"group\" aria-roledescription=\"slide\" aria-label=\"1 of 12\"><figure class=\"swiper-slide-inner\"><img decoding=\"async\" class=\"swiper-slide-image\" src=\"https:\/\/www.pedroarnay.com\/wp-content\/uploads\/2023\/11\/2.-CONSTELACIONES-ARACALADANZA-1.jpg\" alt=\"2. ARACALADANZA CONSTELLATIONS\" \/><\/figure><\/div><div class=\"swiper-slide\" role=\"group\" aria-roledescription=\"slide\" aria-label=\"2 of 12\"><figure class=\"swiper-slide-inner\"><img decoding=\"async\" class=\"swiper-slide-image\" src=\"https:\/\/www.pedroarnay.com\/wp-content\/uploads\/2023\/11\/3.-4-Y-5-TAO-Dance-Theater-1.jpg\" alt=\"3. 4 &amp; 5 TAO Dance Theater\" \/><\/figure><\/div><div class=\"swiper-slide\" role=\"group\" aria-roledescription=\"slide\" aria-label=\"3 of 12\"><figure class=\"swiper-slide-inner\"><img decoding=\"async\" class=\"swiper-slide-image\" src=\"https:\/\/www.pedroarnay.com\/wp-content\/uploads\/2024\/03\/10.-PASTORAL-VICTOR-ULLATE-BALLET-DE-VICTOR-ULLATE.jpg\" alt=\"10. PASTORAL VICTOR ULLATE BALLET BY VICTOR ULLATE\" \/><\/figure><\/div><div class=\"swiper-slide\" role=\"group\" aria-roledescription=\"slide\" aria-label=\"4 of 12\"><figure class=\"swiper-slide-inner\"><img decoding=\"async\" class=\"swiper-slide-image\" src=\"https:\/\/www.pedroarnay.com\/wp-content\/uploads\/2023\/11\/7.-JUAN-KRUZ-DE-GARAOESNAOLA-1.jpg\" alt=\"7. JUAN KRUZ DE GARAOESNAOLA\" \/><\/figure><\/div><div class=\"swiper-slide\" role=\"group\" aria-roledescription=\"slide\" aria-label=\"5 of 12\"><figure class=\"swiper-slide-inner\"><img decoding=\"async\" class=\"swiper-slide-image\" src=\"https:\/\/www.pedroarnay.com\/wp-content\/uploads\/2023\/11\/15.-LARUMBE-DANZA.jpg\" alt=\"15. LARUMBE DANCE\" \/><\/figure><\/div><div class=\"swiper-slide\" role=\"group\" aria-roledescription=\"slide\" aria-label=\"6 of 12\"><figure class=\"swiper-slide-inner\"><img decoding=\"async\" class=\"swiper-slide-image\" src=\"https:\/\/www.pedroarnay.com\/wp-content\/uploads\/2023\/11\/30.-REmIX-Momix.jpg\" alt=\"30. REmIX Momix\" \/><\/figure><\/div><div class=\"swiper-slide\" role=\"group\" aria-roledescription=\"slide\" aria-label=\"7 of 12\"><figure class=\"swiper-slide-inner\"><img decoding=\"async\" class=\"swiper-slide-image\" src=\"https:\/\/www.pedroarnay.com\/wp-content\/uploads\/2023\/11\/9.-CND-CASI-CASA-DE-MATS-EK.jpg\" alt=\"9. CND ALMOST HOUSE OF MATS EK\" \/><\/figure><\/div><div class=\"swiper-slide\" role=\"group\" aria-roledescription=\"slide\" aria-label=\"8 of 12\"><figure class=\"swiper-slide-inner\"><img decoding=\"async\" class=\"swiper-slide-image\" src=\"https:\/\/www.pedroarnay.com\/wp-content\/uploads\/2023\/12\/14.-ARACALADANZA-PLAY-ensayo-Sala-Roja-\ufffdPedro-Arnay-1448.jpg\" alt=\"14. ARACALADANZA PLAY rehearsal Sala Roja \ufffdPedro Arnay 1448\" \/><\/figure><\/div><div class=\"swiper-slide\" role=\"group\" aria-roledescription=\"slide\" aria-label=\"9 of 12\"><figure class=\"swiper-slide-inner\"><img decoding=\"async\" class=\"swiper-slide-image\" src=\"https:\/\/www.pedroarnay.com\/wp-content\/uploads\/2024\/03\/1.-APOLLO-DUTCH-NATIONAL-BALLET-DE-GEORGE-BALANCHINE.jpg\" alt=\"1. APOLLO DUTCH NATIONAL BALLET BY GEORGE BALANCHINE\" \/><\/figure><\/div><div class=\"swiper-slide\" role=\"group\" aria-roledescription=\"slide\" aria-label=\"10 of 12\"><figure class=\"swiper-slide-inner\"><img decoding=\"async\" class=\"swiper-slide-image\" src=\"https:\/\/www.pedroarnay.com\/wp-content\/uploads\/2023\/11\/16.-LAST-WORK-BATSEVA-DANCE-COMPANY-DE-OHAD-NAHARIN.jpg\" alt=\"16. LAST WORK BATSEVA DANCE COMPANY BY OHAD NAHARIN\" \/><\/figure><\/div><div class=\"swiper-slide\" role=\"group\" aria-roledescription=\"slide\" aria-label=\"11 of 12\"><figure class=\"swiper-slide-inner\"><img decoding=\"async\" class=\"swiper-slide-image\" src=\"https:\/\/www.pedroarnay.com\/wp-content\/uploads\/2023\/11\/5.-DOUBLE-BACH-C\u00f7A-ANTONIO-RUZ.jpg\" alt=\"5. DOUBLE BACH C\u00f7A ANTONIO RUZ\" \/><\/figure><\/div><div class=\"swiper-slide\" role=\"group\" aria-roledescription=\"slide\" aria-label=\"12 of 12\"><figure class=\"swiper-slide-inner\"><img decoding=\"async\" class=\"swiper-slide-image\" src=\"https:\/\/www.pedroarnay.com\/wp-content\/uploads\/2024\/03\/ENTREMAREAS-dIMO-KIRILOV-Y-TAMAKO-AKIYAMA.jpg\" alt=\"INTERTIDES DIMO KIRILOV AND TAMAKO AKIYAMA\" \/><\/figure><\/div>\t\t\t<\/div>\n\t\t\t\t\t\t\t\t\t\t\t\t<div class=\"elementor-swiper-button elementor-swiper-button-prev\" role=\"button\" tabindex=\"0\">\n\t\t\t\t\t\t<i aria-hidden=\"true\" class=\"eicon-chevron-left\"><\/i>\t\t\t\t\t<\/div>\n\t\t\t\t\t<div class=\"elementor-swiper-button elementor-swiper-button-next\" role=\"button\" tabindex=\"0\">\n\t\t\t\t\t\t<i aria-hidden=\"true\" class=\"eicon-chevron-right\"><\/i>\t\t\t\t\t<\/div>\n\t\t\t\t\n\t\t\t\t\t\t\t\t\t<\/div>\n\t\t\t\t\t\t<\/div>\n\t\t\t\t<\/div>\n\t\t\t\t\t<\/div>\n\t\t<\/div>\n\t\t\t\t\t<\/div>\n\t\t<\/section>\n\t\t\t\t<\/div>","protected":false},"excerpt":{"rendered":"","protected":false},"author":1,"featured_media":0,"parent":0,"menu_order":1,"comment_status":"closed","ping_status":"closed","template":"","meta":{"_acf_changed":false,"site-sidebar-layout":"default","site-content-layout":"page-builder","ast-site-content-layout":"default","site-content-style":"default","site-sidebar-style":"default","ast-global-header-display":"","ast-banner-title-visibility":"","ast-main-header-display":"","ast-hfb-above-header-display":"","ast-hfb-below-header-display":"","ast-hfb-mobile-header-display":"","site-post-title":"disabled","ast-breadcrumbs-content":"","ast-featured-img":"disabled","footer-sml-layout":"","ast-disable-related-posts":"","theme-transparent-header-meta":"default","adv-header-id-meta":"","stick-header-meta":"default","header-above-stick-meta":"","header-main-stick-meta":"","header-below-stick-meta":"","astra-migrate-meta-layouts":"set","ast-page-background-enabled":"default","ast-page-background-meta":{"desktop":{"background-color":"var(--ast-global-color-4)","background-image":"","background-repeat":"repeat","background-position":"center center","background-size":"auto","background-attachment":"scroll","background-type":"","background-media":"","overlay-type":"","overlay-color":"","overlay-opacity":"","overlay-gradient":""},"tablet":{"background-color":"","background-image":"","background-repeat":"repeat","background-position":"center center","background-size":"auto","background-attachment":"scroll","background-type":"","background-media":"","overlay-type":"","overlay-color":"","overlay-opacity":"","overlay-gradient":""},"mobile":{"background-color":"","background-image":"","background-repeat":"repeat","background-position":"center center","background-size":"auto","background-attachment":"scroll","background-type":"","background-media":"","overlay-type":"","overlay-color":"","overlay-opacity":"","overlay-gradient":""}},"ast-content-background-meta":{"desktop":{"background-color":"var(--ast-global-color-5)","background-image":"","background-repeat":"repeat","background-position":"center center","background-size":"auto","background-attachment":"scroll","background-type":"","background-media":"","overlay-type":"","overlay-color":"","overlay-opacity":"","overlay-gradient":""},"tablet":{"background-color":"var(--ast-global-color-5)","background-image":"","background-repeat":"repeat","background-position":"center center","background-size":"auto","background-attachment":"scroll","background-type":"","background-media":"","overlay-type":"","overlay-color":"","overlay-opacity":"","overlay-gradient":""},"mobile":{"background-color":"var(--ast-global-color-5)","background-image":"","background-repeat":"repeat","background-position":"center center","background-size":"auto","background-attachment":"scroll","background-type":"","background-media":"","overlay-type":"","overlay-color":"","overlay-opacity":"","overlay-gradient":""}},"footnotes":""},"class_list":["post-438","page","type-page","status-publish","hentry"],"acf":[],"yoast_head":"<!-- This site is optimized with the Yoast SEO plugin v27.4 - https:\/\/yoast.com\/product\/yoast-seo-wordpress\/ -->\n<title>Pedro Arnay<\/title>\n<meta name=\"description\" content=\"Capturando la esencia de la danza y la fotograf\u00eda con Pedro Arnay. Explora su mundo visual \u00fanico, desde retratos hasta la escena.\" \/>\n<meta name=\"robots\" content=\"index, follow, max-snippet:-1, max-image-preview:large, max-video-preview:-1\" \/>\n<link rel=\"canonical\" href=\"https:\/\/www.pedroarnay.com\/en\/\" \/>\n<meta property=\"og:locale\" content=\"en_US\" \/>\n<meta property=\"og:type\" content=\"article\" \/>\n<meta property=\"og:title\" content=\"Pedro Arnay\" \/>\n<meta property=\"og:description\" content=\"Capturando la esencia de la danza y la fotograf\u00eda con Pedro Arnay. Explora su mundo visual \u00fanico, desde retratos hasta la escena.\" \/>\n<meta property=\"og:url\" content=\"https:\/\/www.pedroarnay.com\/en\/\" \/>\n<meta property=\"og:site_name\" content=\"Pedro Arnay\" \/>\n<meta property=\"article:modified_time\" content=\"2024-03-10T10:43:21+00:00\" \/>\n<meta property=\"og:image\" content=\"https:\/\/www.pedroarnay.com\/wp-content\/uploads\/2023\/11\/2.-CONSTELACIONES-ARACALADANZA-1.jpg\" \/>\n<meta name=\"twitter:card\" content=\"summary_large_image\" \/>\n<script type=\"application\/ld+json\" class=\"yoast-schema-graph\">{\"@context\":\"https:\\\/\\\/schema.org\",\"@graph\":[{\"@type\":\"WebPage\",\"@id\":\"https:\\\/\\\/www.pedroarnay.com\\\/\",\"url\":\"https:\\\/\\\/www.pedroarnay.com\\\/\",\"name\":\"Pedro Arnay\",\"isPartOf\":{\"@id\":\"https:\\\/\\\/www.pedroarnay.com\\\/#website\"},\"primaryImageOfPage\":{\"@id\":\"https:\\\/\\\/www.pedroarnay.com\\\/#primaryimage\"},\"image\":{\"@id\":\"https:\\\/\\\/www.pedroarnay.com\\\/#primaryimage\"},\"thumbnailUrl\":\"https:\\\/\\\/www.pedroarnay.com\\\/wp-content\\\/uploads\\\/2023\\\/11\\\/2.-CONSTELACIONES-ARACALADANZA-1.jpg\",\"datePublished\":\"2023-10-19T16:22:31+00:00\",\"dateModified\":\"2024-03-10T10:43:21+00:00\",\"description\":\"Capturando la esencia de la danza y la fotograf\u00eda con Pedro Arnay. Explora su mundo visual \u00fanico, desde retratos hasta la escena.\",\"breadcrumb\":{\"@id\":\"https:\\\/\\\/www.pedroarnay.com\\\/#breadcrumb\"},\"inLanguage\":\"en-US\",\"potentialAction\":[{\"@type\":\"ReadAction\",\"target\":[\"https:\\\/\\\/www.pedroarnay.com\\\/\"]}]},{\"@type\":\"ImageObject\",\"inLanguage\":\"en-US\",\"@id\":\"https:\\\/\\\/www.pedroarnay.com\\\/#primaryimage\",\"url\":\"https:\\\/\\\/www.pedroarnay.com\\\/wp-content\\\/uploads\\\/2023\\\/11\\\/2.-CONSTELACIONES-ARACALADANZA-1.jpg\",\"contentUrl\":\"https:\\\/\\\/www.pedroarnay.com\\\/wp-content\\\/uploads\\\/2023\\\/11\\\/2.-CONSTELACIONES-ARACALADANZA-1.jpg\"},{\"@type\":\"BreadcrumbList\",\"@id\":\"https:\\\/\\\/www.pedroarnay.com\\\/#breadcrumb\",\"itemListElement\":[{\"@type\":\"ListItem\",\"position\":1,\"name\":\"Inicio\",\"item\":\"https:\\\/\\\/www.pedroarnay.com\\\/\"},{\"@type\":\"ListItem\",\"position\":2,\"name\":\"Inicio\"}]},{\"@type\":\"WebSite\",\"@id\":\"https:\\\/\\\/www.pedroarnay.com\\\/#website\",\"url\":\"https:\\\/\\\/www.pedroarnay.com\\\/\",\"name\":\"Pedro Arnay\",\"description\":\"Fot\u00f3grafo freelance especializado en artes esc\u00e9nicas, retrato, fotograf\u00eda editorial y corporativa.\",\"publisher\":{\"@id\":\"https:\\\/\\\/www.pedroarnay.com\\\/#organization\"},\"potentialAction\":[{\"@type\":\"SearchAction\",\"target\":{\"@type\":\"EntryPoint\",\"urlTemplate\":\"https:\\\/\\\/www.pedroarnay.com\\\/?s={search_term_string}\"},\"query-input\":{\"@type\":\"PropertyValueSpecification\",\"valueRequired\":true,\"valueName\":\"search_term_string\"}}],\"inLanguage\":\"en-US\"},{\"@type\":\"Organization\",\"@id\":\"https:\\\/\\\/www.pedroarnay.com\\\/#organization\",\"name\":\"Pedro Arnay\",\"url\":\"https:\\\/\\\/www.pedroarnay.com\\\/\",\"logo\":{\"@type\":\"ImageObject\",\"inLanguage\":\"en-US\",\"@id\":\"https:\\\/\\\/www.pedroarnay.com\\\/#\\\/schema\\\/logo\\\/image\\\/\",\"url\":\"https:\\\/\\\/www.pedroarnay.com\\\/wp-content\\\/uploads\\\/2023\\\/12\\\/Pedro-Arnay-logo.png\",\"contentUrl\":\"https:\\\/\\\/www.pedroarnay.com\\\/wp-content\\\/uploads\\\/2023\\\/12\\\/Pedro-Arnay-logo.png\",\"width\":600,\"height\":600,\"caption\":\"Pedro Arnay\"},\"image\":{\"@id\":\"https:\\\/\\\/www.pedroarnay.com\\\/#\\\/schema\\\/logo\\\/image\\\/\"}}]}<\/script>\n<!-- \/ Yoast SEO plugin. -->","yoast_head_json":{"title":"Pedro Arnay","description":"Capturing the essence of dance and photography with Pedro Arnay. Explore his unique visual world, from portraits to the stage.","robots":{"index":"index","follow":"follow","max-snippet":"max-snippet:-1","max-image-preview":"max-image-preview:large","max-video-preview":"max-video-preview:-1"},"canonical":"https:\/\/www.pedroarnay.com\/en\/","og_locale":"en_US","og_type":"article","og_title":"Pedro Arnay","og_description":"Capturando la esencia de la danza y la fotograf\u00eda con Pedro Arnay. Explora su mundo visual \u00fanico, desde retratos hasta la escena.","og_url":"https:\/\/www.pedroarnay.com\/en\/","og_site_name":"Pedro Arnay","article_modified_time":"2024-03-10T10:43:21+00:00","og_image":[{"url":"https:\/\/www.pedroarnay.com\/wp-content\/uploads\/2023\/11\/2.-CONSTELACIONES-ARACALADANZA-1.jpg","type":"","width":"","height":""}],"twitter_card":"summary_large_image","schema":{"@context":"https:\/\/schema.org","@graph":[{"@type":"WebPage","@id":"https:\/\/www.pedroarnay.com\/","url":"https:\/\/www.pedroarnay.com\/","name":"Pedro Arnay","isPartOf":{"@id":"https:\/\/www.pedroarnay.com\/#website"},"primaryImageOfPage":{"@id":"https:\/\/www.pedroarnay.com\/#primaryimage"},"image":{"@id":"https:\/\/www.pedroarnay.com\/#primaryimage"},"thumbnailUrl":"https:\/\/www.pedroarnay.com\/wp-content\/uploads\/2023\/11\/2.-CONSTELACIONES-ARACALADANZA-1.jpg","datePublished":"2023-10-19T16:22:31+00:00","dateModified":"2024-03-10T10:43:21+00:00","description":"Capturing the essence of dance and photography with Pedro Arnay. Explore his unique visual world, from portraits to the stage.","breadcrumb":{"@id":"https:\/\/www.pedroarnay.com\/#breadcrumb"},"inLanguage":"en-US","potentialAction":[{"@type":"ReadAction","target":["https:\/\/www.pedroarnay.com\/"]}]},{"@type":"ImageObject","inLanguage":"en-US","@id":"https:\/\/www.pedroarnay.com\/#primaryimage","url":"https:\/\/www.pedroarnay.com\/wp-content\/uploads\/2023\/11\/2.-CONSTELACIONES-ARACALADANZA-1.jpg","contentUrl":"https:\/\/www.pedroarnay.com\/wp-content\/uploads\/2023\/11\/2.-CONSTELACIONES-ARACALADANZA-1.jpg"},{"@type":"BreadcrumbList","@id":"https:\/\/www.pedroarnay.com\/#breadcrumb","itemListElement":[{"@type":"ListItem","position":1,"name":"Inicio","item":"https:\/\/www.pedroarnay.com\/"},{"@type":"ListItem","position":2,"name":"Inicio"}]},{"@type":"WebSite","@id":"https:\/\/www.pedroarnay.com\/#website","url":"https:\/\/www.pedroarnay.com\/","name":"Pedro Arnay","description":"Freelance photographer specialized in performing arts, portraiture, editorial and corporate photography.","publisher":{"@id":"https:\/\/www.pedroarnay.com\/#organization"},"potentialAction":[{"@type":"SearchAction","target":{"@type":"EntryPoint","urlTemplate":"https:\/\/www.pedroarnay.com\/?s={search_term_string}"},"query-input":{"@type":"PropertyValueSpecification","valueRequired":true,"valueName":"search_term_string"}}],"inLanguage":"en-US"},{"@type":"Organization","@id":"https:\/\/www.pedroarnay.com\/#organization","name":"Pedro Arnay","url":"https:\/\/www.pedroarnay.com\/","logo":{"@type":"ImageObject","inLanguage":"en-US","@id":"https:\/\/www.pedroarnay.com\/#\/schema\/logo\/image\/","url":"https:\/\/www.pedroarnay.com\/wp-content\/uploads\/2023\/12\/Pedro-Arnay-logo.png","contentUrl":"https:\/\/www.pedroarnay.com\/wp-content\/uploads\/2023\/12\/Pedro-Arnay-logo.png","width":600,"height":600,"caption":"Pedro Arnay"},"image":{"@id":"https:\/\/www.pedroarnay.com\/#\/schema\/logo\/image\/"}}]}},"_links":{"self":[{"href":"https:\/\/www.pedroarnay.com\/en\/wp-json\/wp\/v2\/pages\/438","targetHints":{"allow":["GET"]}}],"collection":[{"href":"https:\/\/www.pedroarnay.com\/en\/wp-json\/wp\/v2\/pages"}],"about":[{"href":"https:\/\/www.pedroarnay.com\/en\/wp-json\/wp\/v2\/types\/page"}],"author":[{"embeddable":true,"href":"https:\/\/www.pedroarnay.com\/en\/wp-json\/wp\/v2\/users\/1"}],"replies":[{"embeddable":true,"href":"https:\/\/www.pedroarnay.com\/en\/wp-json\/wp\/v2\/comments?post=438"}],"version-history":[{"count":78,"href":"https:\/\/www.pedroarnay.com\/en\/wp-json\/wp\/v2\/pages\/438\/revisions"}],"predecessor-version":[{"id":1986,"href":"https:\/\/www.pedroarnay.com\/en\/wp-json\/wp\/v2\/pages\/438\/revisions\/1986"}],"wp:attachment":[{"href":"https:\/\/www.pedroarnay.com\/en\/wp-json\/wp\/v2\/media?parent=438"}],"curies":[{"name":"wp","href":"https:\/\/api.w.org\/{rel}","templated":true}]}}