{"id":88,"date":"2023-03-01T14:03:52","date_gmt":"2023-03-01T13:03:52","guid":{"rendered":"https:\/\/www.pedroarnay.com\/?page_id=88"},"modified":"2023-12-15T11:32:58","modified_gmt":"2023-12-15T10:32:58","slug":"cookies-policy","status":"publish","type":"page","link":"https:\/\/www.pedroarnay.com\/en\/politica-de-cookies\/","title":{"rendered":"Cookies policy"},"content":{"rendered":"<p>This website uses cookies. Here we explain what cookies are and how we use them on our website. You can change your cookie preferences at any time:<\/p>\n<p style=\"text-align: center;\"><a href=\"#\" class=\"_brlbs-btn-cookie-preference borlabs-cookie-preference\">Cookie preferences<\/a><\/p>\n<hr \/>\n<p>In compliance with Law 34\/2002, of July 11, on Information Society Services and Electronic Commerce, we inform you that this website, like most sites on the Internet, uses Cookies to improve and Optimize user experience.<\/p>\n<p>Below you will find detailed information about what Cookies are, what type this website uses, how to change the settings of your cookies, and what happens if you disable Cookies.<\/p>\n<h2>What are Cookies?<\/h2>\n<p>A cookie is a small file that is downloaded to the user&#039;s computer with the purpose of storing data, which can be updated and recovered by the entity responsible for its installation.<\/p>\n<h2>What type of Cookies does this website use?<\/h2>\n<p>Below is a table with the Cookies used on this website. You can find out about transfers to third countries that, where applicable, are carried out by the third parties identified in this cookie policy in their corresponding policies.<\/p>\n<div class=\"BorlabsCookie\"><h3 class=\"_brlbs _brlbs-cg-essential\">Essential<\/h3><p class=\"_brlbs _brlbs-cg-essential\">Essential cookies enable basic functions and are necessary for the website to function properly.<\/p><h4 class=\"_brlbs _brlbs-c-borlabs-cookie\">Borlabs Cookie<\/h4><div class=\"_brlbs-responsive-table\"><table class=\"_brlbs _brlbs-c-borlabs-cookie\"><tr><th scope=\"row\">Name<\/th><td>Borlabs Cookie<\/td><\/tr><tr><th scope=\"row\">Supplier<\/th><td>Owner of this website<span>, <\/span><a href=\"https:\/\/www.pedroarnay.com\/en\/legal-warning\/\">Legal warning<\/a><\/td><\/tr><tr><th scope=\"row\">Purpose<\/th><td>Saves selected visitor preferences in the Borlabs Cookie Cookie Box.<\/td><\/tr><tr><th scope=\"row\">Cookie name<\/th><td>borlabs-cookie<\/td><\/tr><tr><th scope=\"row\">Cookie expiration<\/th><td>1 year<\/td><\/tr><\/table><\/div><\/div>\n<h2>How can you configure your Cookies?<\/h2>\n<p>By browsing and continuing on our website, you will be consenting to the use of Cookies under the conditions contained in this Cookies Policy. As a user, you have the possibility of exercising your right to block, delete and reject the use of Cookies, at any time, by modifying your browser options.<\/p>\n<p>For example:<\/p>\n<ol>\n<li>Internet Explorer: Tools &gt; Internet Options &gt; Privacy &gt; Settings. For more information, you can consult Microsoft support or the browser&#039;s Help.<\/li>\n<li>Mozilla Firefox: Tools &gt; Options &gt; Privacy &gt; History &gt; Custom Settings. For more information, you can consult Mozilla support or the browser Help.<\/li>\n<li>Google Chrome: Settings &gt; Show advanced options &gt; Privacy -&gt; Content settings. For more information, you can consult Google support or browser Help.<\/li>\n<li>Safari: Preferences &gt; Security. For more information, you can consult Apple Support or the browser Help.<\/li>\n<li>Opera: Settings &gt; Options &gt; Advanced &gt; Cookies For more information, you can consult Opera support or browser Help.<\/li>\n<\/ol>\n<p>If you use a browser other than the previous ones, consult its cookie installation, use and blocking policy. \u2013&gt;<\/p>\n<h2>Your consent history<\/h2>\n<div class=\"BorlabsCookie\" data-borlabs-cookie-consent-history><div class=\"_brlbs-responsive-table\"><table class=\"_brlbs-table\"><thead><tr><th class=\"_brlbs-table-date\" scope=\"col\">Date<\/th><th class=\"_brlbs-table-version\" scope=\"col\">Version<\/th><th class=\"_brlbs-table-consents\" scope=\"col\">Consents<\/th><\/tr><\/thead><\/table><\/div><\/div>\n<h2>What happens if Cookies are disabled?<\/h2>\n<p>Some features of the Services or areas of this website may not function properly.<\/p>\n<h2>Have we updated our Cookies policy?<\/h2>\n<p>It is possible that we update the Cookies policy of our website, therefore, our lawyers ask us to recommend that you review this policy every time you access our website, in order to be adequately informed about how and why we use Cookies. .<\/p>","protected":false},"excerpt":{"rendered":"<p>Esta web utiliza cookies. Aqu\u00ed te explicamos qu\u00e9 son las cookies y c\u00f3mo las usamos en nuestra web. Puedes cambiar tus preferencias de cookies en cualquier momento: En cumplimiento de la Ley 34\/2002, de 11 de julio, de Servicios de la Sociedad de la Informaci\u00f3n y Comercio Electr\u00f3nico, te informamos de que este sitio web, [&hellip;]<\/p>\n","protected":false},"author":1,"featured_media":0,"parent":0,"menu_order":7,"comment_status":"closed","ping_status":"closed","template":"","meta":{"_acf_changed":false,"site-sidebar-layout":"default","site-content-layout":"default","ast-site-content-layout":"default","site-content-style":"default","site-sidebar-style":"default","ast-global-header-display":"","ast-banner-title-visibility":"","ast-main-header-display":"","ast-hfb-above-header-display":"","ast-hfb-below-header-display":"","ast-hfb-mobile-header-display":"","site-post-title":"","ast-breadcrumbs-content":"","ast-featured-img":"","footer-sml-layout":"","ast-disable-related-posts":"","theme-transparent-header-meta":"default","adv-header-id-meta":"","stick-header-meta":"default","header-above-stick-meta":"","header-main-stick-meta":"","header-below-stick-meta":"","astra-migrate-meta-layouts":"set","ast-page-background-enabled":"default","ast-page-background-meta":{"desktop":{"background-color":"var(--ast-global-color-4)","background-image":"","background-repeat":"repeat","background-position":"center center","background-size":"auto","background-attachment":"scroll","background-type":"","background-media":"","overlay-type":"","overlay-color":"","overlay-opacity":"","overlay-gradient":""},"tablet":{"background-color":"","background-image":"","background-repeat":"repeat","background-position":"center center","background-size":"auto","background-attachment":"scroll","background-type":"","background-media":"","overlay-type":"","overlay-color":"","overlay-opacity":"","overlay-gradient":""},"mobile":{"background-color":"","background-image":"","background-repeat":"repeat","background-position":"center center","background-size":"auto","background-attachment":"scroll","background-type":"","background-media":"","overlay-type":"","overlay-color":"","overlay-opacity":"","overlay-gradient":""}},"ast-content-background-meta":{"desktop":{"background-color":"var(--ast-global-color-5)","background-image":"","background-repeat":"repeat","background-position":"center center","background-size":"auto","background-attachment":"scroll","background-type":"","background-media":"","overlay-type":"","overlay-color":"","overlay-opacity":"","overlay-gradient":""},"tablet":{"background-color":"var(--ast-global-color-5)","background-image":"","background-repeat":"repeat","background-position":"center center","background-size":"auto","background-attachment":"scroll","background-type":"","background-media":"","overlay-type":"","overlay-color":"","overlay-opacity":"","overlay-gradient":""},"mobile":{"background-color":"var(--ast-global-color-5)","background-image":"","background-repeat":"repeat","background-position":"center center","background-size":"auto","background-attachment":"scroll","background-type":"","background-media":"","overlay-type":"","overlay-color":"","overlay-opacity":"","overlay-gradient":""}},"footnotes":""},"class_list":["post-88","page","type-page","status-publish","hentry"],"acf":[],"yoast_head":"<!-- This site is optimized with the Yoast SEO plugin v27.4 - https:\/\/yoast.com\/product\/yoast-seo-wordpress\/ -->\n<title>Pol\u00edtica de cookies - Pedro Arnay<\/title>\n<meta name=\"description\" content=\"Pol\u00edtica de cookies de Pedro Arnay\" \/>\n<meta name=\"robots\" content=\"index, follow, max-snippet:-1, max-image-preview:large, max-video-preview:-1\" \/>\n<link rel=\"canonical\" href=\"https:\/\/www.pedroarnay.com\/en\/cookies-policy\/\" \/>\n<meta property=\"og:locale\" content=\"en_US\" \/>\n<meta property=\"og:type\" content=\"article\" \/>\n<meta property=\"og:title\" content=\"Pol\u00edtica de cookies - Pedro Arnay\" \/>\n<meta property=\"og:description\" content=\"Pol\u00edtica de cookies de Pedro Arnay\" \/>\n<meta property=\"og:url\" content=\"https:\/\/www.pedroarnay.com\/en\/cookies-policy\/\" \/>\n<meta property=\"og:site_name\" content=\"Pedro Arnay\" \/>\n<meta property=\"article:modified_time\" content=\"2023-12-15T10:32:58+00:00\" \/>\n<meta property=\"og:image\" content=\"https:\/\/www.pedroarnay.com\/wp-content\/uploads\/2023\/12\/Pedro-Arnay-logo.png\" \/>\n\t<meta property=\"og:image:width\" content=\"600\" \/>\n\t<meta property=\"og:image:height\" content=\"600\" \/>\n\t<meta property=\"og:image:type\" content=\"image\/png\" \/>\n<meta name=\"twitter:card\" content=\"summary_large_image\" \/>\n<script type=\"application\/ld+json\" class=\"yoast-schema-graph\">{\"@context\":\"https:\\\/\\\/schema.org\",\"@graph\":[{\"@type\":\"WebPage\",\"@id\":\"https:\\\/\\\/www.pedroarnay.com\\\/politica-de-cookies\\\/\",\"url\":\"https:\\\/\\\/www.pedroarnay.com\\\/politica-de-cookies\\\/\",\"name\":\"Pol\u00edtica de cookies - Pedro Arnay\",\"isPartOf\":{\"@id\":\"https:\\\/\\\/www.pedroarnay.com\\\/#website\"},\"datePublished\":\"2023-03-01T13:03:52+00:00\",\"dateModified\":\"2023-12-15T10:32:58+00:00\",\"description\":\"Pol\u00edtica de cookies de Pedro Arnay\",\"breadcrumb\":{\"@id\":\"https:\\\/\\\/www.pedroarnay.com\\\/politica-de-cookies\\\/#breadcrumb\"},\"inLanguage\":\"en-US\",\"potentialAction\":[{\"@type\":\"ReadAction\",\"target\":[\"https:\\\/\\\/www.pedroarnay.com\\\/politica-de-cookies\\\/\"]}]},{\"@type\":\"BreadcrumbList\",\"@id\":\"https:\\\/\\\/www.pedroarnay.com\\\/politica-de-cookies\\\/#breadcrumb\",\"itemListElement\":[{\"@type\":\"ListItem\",\"position\":1,\"name\":\"Inicio\",\"item\":\"https:\\\/\\\/www.pedroarnay.com\\\/\"},{\"@type\":\"ListItem\",\"position\":2,\"name\":\"Pol\u00edtica de cookies\"}]},{\"@type\":\"WebSite\",\"@id\":\"https:\\\/\\\/www.pedroarnay.com\\\/#website\",\"url\":\"https:\\\/\\\/www.pedroarnay.com\\\/\",\"name\":\"Pedro Arnay\",\"description\":\"Fot\u00f3grafo freelance especializado en artes esc\u00e9nicas, retrato, fotograf\u00eda editorial y corporativa.\",\"publisher\":{\"@id\":\"https:\\\/\\\/www.pedroarnay.com\\\/#organization\"},\"potentialAction\":[{\"@type\":\"SearchAction\",\"target\":{\"@type\":\"EntryPoint\",\"urlTemplate\":\"https:\\\/\\\/www.pedroarnay.com\\\/?s={search_term_string}\"},\"query-input\":{\"@type\":\"PropertyValueSpecification\",\"valueRequired\":true,\"valueName\":\"search_term_string\"}}],\"inLanguage\":\"en-US\"},{\"@type\":\"Organization\",\"@id\":\"https:\\\/\\\/www.pedroarnay.com\\\/#organization\",\"name\":\"Pedro Arnay\",\"url\":\"https:\\\/\\\/www.pedroarnay.com\\\/\",\"logo\":{\"@type\":\"ImageObject\",\"inLanguage\":\"en-US\",\"@id\":\"https:\\\/\\\/www.pedroarnay.com\\\/#\\\/schema\\\/logo\\\/image\\\/\",\"url\":\"https:\\\/\\\/www.pedroarnay.com\\\/wp-content\\\/uploads\\\/2023\\\/12\\\/Pedro-Arnay-logo.png\",\"contentUrl\":\"https:\\\/\\\/www.pedroarnay.com\\\/wp-content\\\/uploads\\\/2023\\\/12\\\/Pedro-Arnay-logo.png\",\"width\":600,\"height\":600,\"caption\":\"Pedro Arnay\"},\"image\":{\"@id\":\"https:\\\/\\\/www.pedroarnay.com\\\/#\\\/schema\\\/logo\\\/image\\\/\"}}]}<\/script>\n<!-- \/ Yoast SEO plugin. -->","yoast_head_json":{"title":"Cookies policy - Pedro Arnay","description":"Pedro Arnay cookie policy","robots":{"index":"index","follow":"follow","max-snippet":"max-snippet:-1","max-image-preview":"max-image-preview:large","max-video-preview":"max-video-preview:-1"},"canonical":"https:\/\/www.pedroarnay.com\/en\/cookies-policy\/","og_locale":"en_US","og_type":"article","og_title":"Pol\u00edtica de cookies - Pedro Arnay","og_description":"Pol\u00edtica de cookies de Pedro Arnay","og_url":"https:\/\/www.pedroarnay.com\/en\/cookies-policy\/","og_site_name":"Pedro Arnay","article_modified_time":"2023-12-15T10:32:58+00:00","og_image":[{"width":600,"height":600,"url":"https:\/\/www.pedroarnay.com\/wp-content\/uploads\/2023\/12\/Pedro-Arnay-logo.png","type":"image\/png"}],"twitter_card":"summary_large_image","schema":{"@context":"https:\/\/schema.org","@graph":[{"@type":"WebPage","@id":"https:\/\/www.pedroarnay.com\/politica-de-cookies\/","url":"https:\/\/www.pedroarnay.com\/politica-de-cookies\/","name":"Cookies policy - Pedro Arnay","isPartOf":{"@id":"https:\/\/www.pedroarnay.com\/#website"},"datePublished":"2023-03-01T13:03:52+00:00","dateModified":"2023-12-15T10:32:58+00:00","description":"Pedro Arnay cookie policy","breadcrumb":{"@id":"https:\/\/www.pedroarnay.com\/politica-de-cookies\/#breadcrumb"},"inLanguage":"en-US","potentialAction":[{"@type":"ReadAction","target":["https:\/\/www.pedroarnay.com\/politica-de-cookies\/"]}]},{"@type":"BreadcrumbList","@id":"https:\/\/www.pedroarnay.com\/politica-de-cookies\/#breadcrumb","itemListElement":[{"@type":"ListItem","position":1,"name":"Inicio","item":"https:\/\/www.pedroarnay.com\/"},{"@type":"ListItem","position":2,"name":"Pol\u00edtica de cookies"}]},{"@type":"WebSite","@id":"https:\/\/www.pedroarnay.com\/#website","url":"https:\/\/www.pedroarnay.com\/","name":"Pedro Arnay","description":"Freelance photographer specialized in performing arts, portraiture, editorial and corporate photography.","publisher":{"@id":"https:\/\/www.pedroarnay.com\/#organization"},"potentialAction":[{"@type":"SearchAction","target":{"@type":"EntryPoint","urlTemplate":"https:\/\/www.pedroarnay.com\/?s={search_term_string}"},"query-input":{"@type":"PropertyValueSpecification","valueRequired":true,"valueName":"search_term_string"}}],"inLanguage":"en-US"},{"@type":"Organization","@id":"https:\/\/www.pedroarnay.com\/#organization","name":"Pedro Arnay","url":"https:\/\/www.pedroarnay.com\/","logo":{"@type":"ImageObject","inLanguage":"en-US","@id":"https:\/\/www.pedroarnay.com\/#\/schema\/logo\/image\/","url":"https:\/\/www.pedroarnay.com\/wp-content\/uploads\/2023\/12\/Pedro-Arnay-logo.png","contentUrl":"https:\/\/www.pedroarnay.com\/wp-content\/uploads\/2023\/12\/Pedro-Arnay-logo.png","width":600,"height":600,"caption":"Pedro Arnay"},"image":{"@id":"https:\/\/www.pedroarnay.com\/#\/schema\/logo\/image\/"}}]}},"_links":{"self":[{"href":"https:\/\/www.pedroarnay.com\/en\/wp-json\/wp\/v2\/pages\/88","targetHints":{"allow":["GET"]}}],"collection":[{"href":"https:\/\/www.pedroarnay.com\/en\/wp-json\/wp\/v2\/pages"}],"about":[{"href":"https:\/\/www.pedroarnay.com\/en\/wp-json\/wp\/v2\/types\/page"}],"author":[{"embeddable":true,"href":"https:\/\/www.pedroarnay.com\/en\/wp-json\/wp\/v2\/users\/1"}],"replies":[{"embeddable":true,"href":"https:\/\/www.pedroarnay.com\/en\/wp-json\/wp\/v2\/comments?post=88"}],"version-history":[{"count":2,"href":"https:\/\/www.pedroarnay.com\/en\/wp-json\/wp\/v2\/pages\/88\/revisions"}],"predecessor-version":[{"id":169,"href":"https:\/\/www.pedroarnay.com\/en\/wp-json\/wp\/v2\/pages\/88\/revisions\/169"}],"wp:attachment":[{"href":"https:\/\/www.pedroarnay.com\/en\/wp-json\/wp\/v2\/media?parent=88"}],"curies":[{"name":"wp","href":"https:\/\/api.w.org\/{rel}","templated":true}]}}